{"id":394,"date":"2012-07-19T11:58:27","date_gmt":"2012-07-19T11:58:27","guid":{"rendered":"http:\/\/www.bevaerterhuset.dk\/?page_id=394"},"modified":"2012-08-03T08:10:31","modified_gmt":"2012-08-03T08:10:31","slug":"lysesiv","status":"publish","type":"page","link":"https:\/\/www.bevaerterhuset.dk\/?page_id=394","title":{"rendered":"Lysesiv"},"content":{"rendered":"<h2>Lysesiv<\/h2>\n<p><a href=\"http:\/\/www.bevaerterhuset.dk\/?attachment_id=396\" rel=\"attachment wp-att-396\"><img loading=\"lazy\" decoding=\"async\" class=\"alignright size-medium wp-image-396\" title=\"153 Lysesiv_450x600\" src=\"http:\/\/www.bevaerterhuset.dk\/wp-content\/uploads\/2012\/07\/153-Lysesiv_450x600-225x300.jpg\" alt=\"\" width=\"225\" height=\"300\" srcset=\"https:\/\/www.bevaerterhuset.dk\/wp-content\/uploads\/2012\/07\/153-Lysesiv_450x600-225x300.jpg 225w, https:\/\/www.bevaerterhuset.dk\/wp-content\/uploads\/2012\/07\/153-Lysesiv_450x600.jpg 450w\" sizes=\"auto, (max-width: 225px) 100vw, 225px\" \/><\/a><\/p>\n<p>Lysesiv er en almindelig sivart i Danmark. Den vokser p\u00e5 enge, ved s\u00f8bredder og p\u00e5 brakmarker. Dens fr\u00f8 kan bevare spireevnen i flere \u00e5r.<\/p>\n<p>Planten er fler\u00e5rig. Den har kraftigt tueformet v\u00e6kst med indtil 1 meter lange, stift oprette skud.<\/p>\n<p>Lysesiv blomstrer i juni-august. Blomsterne er samlede i en lille stand, der ligner sm\u00e5 kugler. Blomsterstanden er sidestillet p\u00e5 den yderste tredjedel af skuddet. De enkelte blomster er meget sm\u00e5. Blomsterne vindbest\u00f8ves.<\/p>\n<p>Frugterne er skinnende brune kapsler med mange fr\u00f8. Fr\u00f8ene bliver kl\u00e6brige, n\u00e5r de bliver fugtige og spredes ved at h\u00e6nge i forbipasserende fugle, dyr eller mennesker.<\/p>\n<p>Lysesiv er meget udbredt p\u00e5 gr\u00e6sningsarealer, da dyrene undg\u00e5r planten p\u00e5 grund af dens stride karakter. Planten er desuden n\u00e6ringsfattig.<\/p>\n<p>B\u00e5de st\u00e6ngler og blade indeholder en luftfyldt marv. Denne marv kan pilles ud i lange stykker og har v\u00e6ret brugt som v\u00e6ger i lys \u2013 heraf navnet <em>lyse<\/em>-.<\/p>\n<h4>Historien<\/h4>\n<p>Marven fra lysesiv blev brugt som v\u00e6ge i tranlamper. Tran er smeltet fedt fra dyr og blev tidligere brugt i lamper, som vi i dag bruger stearin og lampeolie. Marven er por\u00f8s, fyldt med lufthuller, s\u00e5 den kan suge fedtet op. Lysesivets marv er en bedre v\u00e6ge end bomuldsv\u00e6gen, da den ikke bruger s\u00e5 meget br\u00e6ndstof, og er desuden gratis.<\/p>\n<p>Det var b\u00f8rnenes arbejde at samle lysesivene, og det var ikke kun marven, der blev brugt. De seje str\u00e5 blev brugt til at flette kurve, reb og m\u00e5tter.<\/p>\n<h4>Anvendelse<\/h4>\n<p>V\u00e6gen \u2013 den ene halvdel af sivet skr\u00e6lles af. Herefter skubbes marven ud med neglen. Man kan evt. lade en lille strimmel af det gr\u00f8nne sidde som stiver p\u00e5 v\u00e6gen.<\/p>\n<p>Lampen \u2013 form en lille sk\u00e5l af ler og lav en lille tud i den ene side.\u00a0 Fyld lampen med alm. madolie. Rul v\u00e6gen sammen i bunden af lampen og tr\u00e6k herefter den ene ende op gennem tuden. T\u00e6nd lampen.<\/p>\n<p>\u00c6ble\/appelsin\/kartoffellampe \u2013 lampen kan ogs\u00e5 laves af en sk\u00e5l formet ved at udhule en frugt. H\u00e6ld olie i den udhulede frugt og t\u00e6nd lampen. Hermed spredes en duft af frugten.<\/p>\n","protected":false},"excerpt":{"rendered":"<p>Lysesiv Lysesiv er en almindelig sivart i Danmark. Den vokser p\u00e5 enge, ved s\u00f8bredder og p\u00e5 brakmarker. Dens fr\u00f8 kan bevare spireevnen i flere \u00e5r. Planten er fler\u00e5rig. Den har kraftigt tueformet v\u00e6kst med indtil [&hellip;]<\/p>\n","protected":false},"author":2,"featured_media":0,"parent":344,"menu_order":5,"comment_status":"open","ping_status":"open","template":"","meta":{"footnotes":""},"class_list":["post-394","page","type-page","status-publish","hentry"],"_links":{"self":[{"href":"https:\/\/www.bevaerterhuset.dk\/index.php?rest_route=\/wp\/v2\/pages\/394","targetHints":{"allow":["GET"]}}],"collection":[{"href":"https:\/\/www.bevaerterhuset.dk\/index.php?rest_route=\/wp\/v2\/pages"}],"about":[{"href":"https:\/\/www.bevaerterhuset.dk\/index.php?rest_route=\/wp\/v2\/types\/page"}],"author":[{"embeddable":true,"href":"https:\/\/www.bevaerterhuset.dk\/index.php?rest_route=\/wp\/v2\/users\/2"}],"replies":[{"embeddable":true,"href":"https:\/\/www.bevaerterhuset.dk\/index.php?rest_route=%2Fwp%2Fv2%2Fcomments&post=394"}],"version-history":[{"count":18,"href":"https:\/\/www.bevaerterhuset.dk\/index.php?rest_route=\/wp\/v2\/pages\/394\/revisions"}],"predecessor-version":[{"id":407,"href":"https:\/\/www.bevaerterhuset.dk\/index.php?rest_route=\/wp\/v2\/pages\/394\/revisions\/407"}],"up":[{"embeddable":true,"href":"https:\/\/www.bevaerterhuset.dk\/index.php?rest_route=\/wp\/v2\/pages\/344"}],"wp:attachment":[{"href":"https:\/\/www.bevaerterhuset.dk\/index.php?rest_route=%2Fwp%2Fv2%2Fmedia&parent=394"}],"curies":[{"name":"wp","href":"https:\/\/api.w.org\/{rel}","templated":true}]}}