{"id":309,"date":"2012-06-25T15:36:17","date_gmt":"2012-06-25T15:36:17","guid":{"rendered":"http:\/\/www.bevaerterhuset.dk\/?page_id=309"},"modified":"2012-06-25T15:37:20","modified_gmt":"2012-06-25T15:37:20","slug":"handboger","status":"publish","type":"page","link":"https:\/\/www.bevaerterhuset.dk\/?page_id=309","title":{"rendered":"H\u00e5ndb\u00f8ger"},"content":{"rendered":"<h3>H\u00e5ndb\u00f8ger<\/h3>\n<div>\n<table style=\"width: 398px; height: 137px;\" border=\"1\" cellspacing=\"0\" cellpadding=\"0\">\n<tbody>\n<tr>\n<td valign=\"top\" width=\"506\">\n<div align=\"center\"><strong>Tekst<\/strong><\/div>\n<\/td>\n<td valign=\"top\" width=\"146\">\n<div align=\"center\"><strong>Antal<\/strong><\/div>\n<\/td>\n<\/tr>\n<tr>\n<td valign=\"top\" width=\"506\">\n<div>Sm\u00e5 dyr i skoven<\/div>\n<\/td>\n<td valign=\"top\" width=\"146\">\n<div align=\"right\">4 stk.<\/div>\n<\/td>\n<\/tr>\n<tr>\n<td valign=\"top\" width=\"506\">\n<div>Dyrespor<\/div>\n<\/td>\n<td valign=\"top\" width=\"146\">\n<div align=\"right\">4 stk.<\/div>\n<\/td>\n<\/tr>\n<tr>\n<td valign=\"top\" width=\"506\">\n<div>Flora i farver<\/div>\n<\/td>\n<td valign=\"top\" width=\"146\">\n<div align=\"right\">4 stk.<\/div>\n<\/td>\n<\/tr>\n<tr>\n<td valign=\"top\" width=\"506\">\n<div>Hvad finder jeg i s\u00f8 og \u00e5<\/div>\n<\/td>\n<td valign=\"top\" width=\"146\">\n<div align=\"right\">4 stk.<\/div>\n<\/td>\n<\/tr>\n<tr>\n<td valign=\"top\" width=\"506\">\n<div>Strandens dyr og planter<\/div>\n<\/td>\n<td valign=\"top\" width=\"146\">\n<div align=\"right\">4 stk.<\/div>\n<\/td>\n<\/tr>\n<tr>\n<td valign=\"top\" width=\"506\">\n<div>Sommerfugle<\/div>\n<\/td>\n<td valign=\"top\" width=\"146\">\n<div align=\"right\">4 stk.<\/div>\n<\/td>\n<\/tr>\n<tr>\n<td valign=\"top\" width=\"506\">\n<div>Tr\u00e6er og buske i landskabet<\/div>\n<\/td>\n<td valign=\"top\" width=\"146\">\n<div align=\"right\">4 stk.<\/div>\n<\/td>\n<\/tr>\n<tr>\n<td valign=\"top\" width=\"506\">Fort\u00e6llinger fra Vintersb\u00f8lle<\/td>\n<td valign=\"top\" width=\"146\">5 stk.<\/td>\n<\/tr>\n<\/tbody>\n<\/table>\n<\/div>\n<p><em>Venligst, t\u00e6l b\u00f8gerne op f\u00f8r og efter brug.<\/em><\/p>\n","protected":false},"excerpt":{"rendered":"<p>H\u00e5ndb\u00f8ger Tekst Antal Sm\u00e5 dyr i skoven 4 stk. Dyrespor 4 stk. Flora i farver 4 stk. Hvad finder jeg i s\u00f8 og \u00e5 4 stk. Strandens dyr og planter 4 stk. Sommerfugle 4 stk. [&hellip;]<\/p>\n","protected":false},"author":2,"featured_media":0,"parent":303,"menu_order":0,"comment_status":"open","ping_status":"open","template":"","meta":{"footnotes":""},"class_list":["post-309","page","type-page","status-publish","hentry"],"_links":{"self":[{"href":"https:\/\/www.bevaerterhuset.dk\/index.php?rest_route=\/wp\/v2\/pages\/309","targetHints":{"allow":["GET"]}}],"collection":[{"href":"https:\/\/www.bevaerterhuset.dk\/index.php?rest_route=\/wp\/v2\/pages"}],"about":[{"href":"https:\/\/www.bevaerterhuset.dk\/index.php?rest_route=\/wp\/v2\/types\/page"}],"author":[{"embeddable":true,"href":"https:\/\/www.bevaerterhuset.dk\/index.php?rest_route=\/wp\/v2\/users\/2"}],"replies":[{"embeddable":true,"href":"https:\/\/www.bevaerterhuset.dk\/index.php?rest_route=%2Fwp%2Fv2%2Fcomments&post=309"}],"version-history":[{"count":2,"href":"https:\/\/www.bevaerterhuset.dk\/index.php?rest_route=\/wp\/v2\/pages\/309\/revisions"}],"predecessor-version":[{"id":313,"href":"https:\/\/www.bevaerterhuset.dk\/index.php?rest_route=\/wp\/v2\/pages\/309\/revisions\/313"}],"up":[{"embeddable":true,"href":"https:\/\/www.bevaerterhuset.dk\/index.php?rest_route=\/wp\/v2\/pages\/303"}],"wp:attachment":[{"href":"https:\/\/www.bevaerterhuset.dk\/index.php?rest_route=%2Fwp%2Fv2%2Fmedia&parent=309"}],"curies":[{"name":"wp","href":"https:\/\/api.w.org\/{rel}","templated":true}]}}