{"id":1116,"date":"2025-11-25T21:28:15","date_gmt":"2025-11-25T21:28:15","guid":{"rendered":"https:\/\/www.bevaerterhuset.dk\/?page_id=1116"},"modified":"2025-11-25T22:21:56","modified_gmt":"2025-11-25T22:21:56","slug":"bevaerterhuset-forside","status":"publish","type":"page","link":"https:\/\/www.bevaerterhuset.dk\/","title":{"rendered":"Bev\u00e6rterhuset &#8211; Forside"},"content":{"rendered":"\n<div class=\"wp-block-columns is-layout-flex wp-container-core-columns-is-layout-9d6595d7 wp-block-columns-is-layout-flex\">\n<div class=\"wp-block-column is-layout-flow wp-block-column-is-layout-flow\" style=\"flex-basis:60%\"><ul class=\"wp-block-latest-posts__list wp-block-latest-posts\"><li><div class=\"wp-block-latest-posts__featured-image alignleft\"><a href=\"https:\/\/www.bevaerterhuset.dk\/?p=1096\" aria-label=\"Aktiviteter i Bev\u00e6rterhuset 2025\"><img loading=\"lazy\" decoding=\"async\" width=\"220\" height=\"120\" src=\"https:\/\/www.bevaerterhuset.dk\/wp-content\/uploads\/2025\/05\/20250608_064259172_iOS-220x120.jpg\" class=\"attachment-thumbnail size-thumbnail wp-post-image\" alt=\"\" style=\"\" \/><\/a><\/div><a class=\"wp-block-latest-posts__post-title\" href=\"https:\/\/www.bevaerterhuset.dk\/?p=1096\">Aktiviteter i Bev\u00e6rterhuset 2025<\/a><div class=\"wp-block-latest-posts__post-excerpt\">Mandag den 26. maj kl. 19-21:\u00a0Tur til Kong Valdemars Plads og efterf\u00f8lgende kaffe i Bev\u00e6rterhuset. S\u00f8ndag den 8. juni kl. 9-11:\u00a0Morgenkaffe pinsemorgen. S\u00f8ndagene 29. juni, 6., 13., 20., 27.\u00a0 juli samt 3. august kl. 14-16:\u00a0S\u00f8ndags\u00e5bent [&hellip;]<\/div><\/li>\n<li><div class=\"wp-block-latest-posts__featured-image alignleft\"><a href=\"https:\/\/www.bevaerterhuset.dk\/?p=1092\" aria-label=\"Kulturaften mandag 26. maj 2025 kl. 19:00 \u2013 21:00\"><img loading=\"lazy\" decoding=\"async\" width=\"220\" height=\"120\" src=\"https:\/\/www.bevaerterhuset.dk\/wp-content\/uploads\/2022\/05\/IMG_0174-e1652265806142-220x120.jpg\" class=\"attachment-thumbnail size-thumbnail wp-post-image\" alt=\"\" style=\"\" \/><\/a><\/div><a class=\"wp-block-latest-posts__post-title\" href=\"https:\/\/www.bevaerterhuset.dk\/?p=1092\">Kulturaften mandag 26. maj 2025 kl. 19:00 \u2013 21:00<\/a><div class=\"wp-block-latest-posts__post-excerpt\">G\u00e5tur til Valdemars Plads S\u00e5 er skoven atter blevet gr\u00f8n og vi er n\u00e5et ind i maj m\u00e5ned. S\u00e6dvanen tro g\u00e5r vi den sidste mandag i m\u00e5neden samlet fra skolen til Valdemars Plads, hvorefter vi [&hellip;]<\/div><\/li>\n<li><div class=\"wp-block-latest-posts__featured-image alignleft\"><a href=\"https:\/\/www.bevaerterhuset.dk\/?p=1089\" aria-label=\"Aktiviteter i Bev\u00e6rterhuset 2024\"><img loading=\"lazy\" decoding=\"async\" width=\"220\" height=\"120\" src=\"https:\/\/www.bevaerterhuset.dk\/wp-content\/uploads\/2022\/05\/IMG_01612-e1653911000756-220x120.jpg\" class=\"attachment-thumbnail size-thumbnail wp-post-image\" alt=\"\" style=\"\" \/><\/a><\/div><a class=\"wp-block-latest-posts__post-title\" href=\"https:\/\/www.bevaerterhuset.dk\/?p=1089\">Aktiviteter i Bev\u00e6rterhuset 2024<\/a><div class=\"wp-block-latest-posts__post-excerpt\">S\u00f8ndag den 19. maj kl. 9-11: Morgenkaffe pinsemorgen. Mandag den 27. maj kl. 19-21:\u00a0Tur til Kong Valdemars Plads og efterf\u00f8lgende kaffe i Bev\u00e6rterhuset. S\u00f8ndagene 30. juni, 7., 14., 21., 28.\u00a0 juli samt 4. august kl. [&hellip;]<\/div><\/li>\n<li><div class=\"wp-block-latest-posts__featured-image alignleft\"><a href=\"https:\/\/www.bevaerterhuset.dk\/?p=1086\" aria-label=\"Morgenkaffe i Bev\u00e6rterhuset s\u00f8ndag 19. maj 2024 kl. 9-11\"><img loading=\"lazy\" decoding=\"async\" width=\"220\" height=\"120\" src=\"https:\/\/www.bevaerterhuset.dk\/wp-content\/uploads\/2018\/05\/Bev\u00e6rterhuset-220x120.jpg\" class=\"attachment-thumbnail size-thumbnail wp-post-image\" alt=\"\" style=\"\" \/><\/a><\/div><a class=\"wp-block-latest-posts__post-title\" href=\"https:\/\/www.bevaerterhuset.dk\/?p=1086\">Morgenkaffe i Bev\u00e6rterhuset s\u00f8ndag 19. maj 2024 kl. 9-11<\/a><div class=\"wp-block-latest-posts__post-excerpt\">Som tidligere \u00e5r ser vi frem til at servere og nyde morgenkaffen i Vintersb\u00f8lleskoven ved Bev\u00e6rterhuset pinsedag. Alle er velkomne p\u00e5 Vintersb\u00f8lle Skovvej 80, hvor kaffe\/the og morgenbr\u00f8d k\u00f8bes for kr. 25 pr. person.<\/div><\/li>\n<li><div class=\"wp-block-latest-posts__featured-image alignleft\"><a href=\"https:\/\/www.bevaerterhuset.dk\/?p=1081\" aria-label=\"Kulturaften mandag 27. maj 2024 kl. 19:00 \u2013 21:00\"><img loading=\"lazy\" decoding=\"async\" width=\"220\" height=\"120\" src=\"https:\/\/www.bevaerterhuset.dk\/wp-content\/uploads\/2022\/05\/IMG_0174-e1652265806142-220x120.jpg\" class=\"attachment-thumbnail size-thumbnail wp-post-image\" alt=\"\" style=\"\" \/><\/a><\/div><a class=\"wp-block-latest-posts__post-title\" href=\"https:\/\/www.bevaerterhuset.dk\/?p=1081\">Kulturaften mandag 27. maj 2024 kl. 19:00 \u2013 21:00<\/a><div class=\"wp-block-latest-posts__post-excerpt\">G\u00e5tur til Valdemars Plads S\u00e5 er skoven atter blevet gr\u00f8n og vi er n\u00e5et ind i maj m\u00e5ned. S\u00e6dvanen tro g\u00e5r vi den sidste mandag i m\u00e5neden samlet fra skolen til Valdemars Plads, hvorefter vi [&hellip;]<\/div><\/li>\n<li><div class=\"wp-block-latest-posts__featured-image alignleft\"><a href=\"https:\/\/www.bevaerterhuset.dk\/?p=1076\" aria-label=\"Jule\u00e5bent i Bev\u00e6rterhuset l\u00f8rdag 18. november 2023 kl. 13-15\"><img loading=\"lazy\" decoding=\"async\" width=\"220\" height=\"120\" src=\"https:\/\/www.bevaerterhuset.dk\/wp-content\/uploads\/2023\/10\/Kalenderlys-220x120.jpg\" class=\"attachment-thumbnail size-thumbnail wp-post-image\" alt=\"\" style=\"\" \/><\/a><\/div><a class=\"wp-block-latest-posts__post-title\" href=\"https:\/\/www.bevaerterhuset.dk\/?p=1076\">Jule\u00e5bent i Bev\u00e6rterhuset l\u00f8rdag 18. november 2023 kl. 13-15<\/a><div class=\"wp-block-latest-posts__post-excerpt\">Jule\u00e5bent i Bev\u00e6rterhuset p\u00e5 Vintersb\u00f8lle Skovvej 80, l\u00f8rdag den 18. november kl. 13-15.\u00a0 Tag familien med p\u00e5 en rask trave- eller l\u00f8betur i Vintersb\u00f8lleskoven og slut af i Bev\u00e6rterhuset. Her er der mulighed for at [&hellip;]<\/div><\/li>\n<li><div class=\"wp-block-latest-posts__featured-image alignleft\"><a href=\"https:\/\/www.bevaerterhuset.dk\/?p=1072\" aria-label=\"Kend dinskov s\u00f8ndag 15. oktober 2023\"><img loading=\"lazy\" decoding=\"async\" width=\"220\" height=\"120\" src=\"https:\/\/www.bevaerterhuset.dk\/wp-content\/uploads\/2023\/10\/Plakat-2023-002-220x120.jpg\" class=\"attachment-thumbnail size-thumbnail wp-post-image\" alt=\"\" style=\"\" \/><\/a><\/div><a class=\"wp-block-latest-posts__post-title\" href=\"https:\/\/www.bevaerterhuset.dk\/?p=1072\">Kend dinskov s\u00f8ndag 15. oktober 2023<\/a><div class=\"wp-block-latest-posts__post-excerpt\">Kend din skov Foreninger og frivillige inviterer til \u201cKend din skov\u201d \u2013 En slags \u00e5ben hus i skoven hos alle de foreninger, klubber og andre, der er knyttet til skoven. Vintersb\u00f8lle skov indeholder kultur, historie [&hellip;]<\/div><\/li>\n<li><div class=\"wp-block-latest-posts__featured-image alignleft\"><a href=\"https:\/\/www.bevaerterhuset.dk\/?p=1061\" aria-label=\"Morgenkaffe i Bev\u00e6rterhuset s\u00f8ndag 28. maj 2023 kl. 9-11\"><img loading=\"lazy\" decoding=\"async\" width=\"220\" height=\"120\" src=\"https:\/\/www.bevaerterhuset.dk\/wp-content\/uploads\/2023\/05\/IMG_0181-220x120.jpg\" class=\"attachment-thumbnail size-thumbnail wp-post-image\" alt=\"\" style=\"\" \/><\/a><\/div><a class=\"wp-block-latest-posts__post-title\" href=\"https:\/\/www.bevaerterhuset.dk\/?p=1061\">Morgenkaffe i Bev\u00e6rterhuset s\u00f8ndag 28. maj 2023 kl. 9-11<\/a><div class=\"wp-block-latest-posts__post-excerpt\">S\u00e5 er skoven igen blevet gr\u00f8n, og vi gl\u00e6der os til at afholde vores traditionsrige og popul\u00e6re arrangement med morgenkaffe s\u00f8ndag den 28. maj 2023 kl. 9:00 \u2013 11:00 Alle er velkomne p\u00e5 Vintersb\u00f8lle Skovvej [&hellip;]<\/div><\/li>\n<li><div class=\"wp-block-latest-posts__featured-image alignleft\"><a href=\"https:\/\/www.bevaerterhuset.dk\/?p=1059\" aria-label=\"Aktiviteter i Bev\u00e6rterhuset 2023\"><img loading=\"lazy\" decoding=\"async\" width=\"220\" height=\"120\" src=\"https:\/\/www.bevaerterhuset.dk\/wp-content\/uploads\/2022\/05\/IMG_01612-e1653911000756-220x120.jpg\" class=\"attachment-thumbnail size-thumbnail wp-post-image\" alt=\"\" style=\"\" \/><\/a><\/div><a class=\"wp-block-latest-posts__post-title\" href=\"https:\/\/www.bevaerterhuset.dk\/?p=1059\">Aktiviteter i Bev\u00e6rterhuset 2023<\/a><div class=\"wp-block-latest-posts__post-excerpt\">Mandag den 22. maj kl. 19-21:\u00a0Tur til Kong Valdemars Plads og efterf\u00f8lgende kaffe i Bev\u00e6rterhuset. S\u00f8ndag den 28. maj kl. 9-11: Pinse\u00e5bent og morgenkaffe. S\u00f8ndagene 25. juni, 2., 9., 16., 23. samt 30. juli kl. [&hellip;]<\/div><\/li>\n<li><div class=\"wp-block-latest-posts__featured-image alignleft\"><a href=\"https:\/\/www.bevaerterhuset.dk\/?p=1054\" aria-label=\"Jule\u00e5bent i Bev\u00e6rterhuset\"><img loading=\"lazy\" decoding=\"async\" width=\"220\" height=\"120\" src=\"https:\/\/www.bevaerterhuset.dk\/wp-content\/uploads\/2022\/11\/Dekorationskurv-220x120.jpg\" class=\"attachment-thumbnail size-thumbnail wp-post-image\" alt=\"\" style=\"\" \/><\/a><\/div><a class=\"wp-block-latest-posts__post-title\" href=\"https:\/\/www.bevaerterhuset.dk\/?p=1054\">Jule\u00e5bent i Bev\u00e6rterhuset<\/a><div class=\"wp-block-latest-posts__post-excerpt\">Jule\u00e5bent i Bev\u00e6rtehuset, Vintersb\u00f8lle Skovvej 80, l\u00f8rdag den 19. november kl. 13-15 Tag familien med p\u00e5 en rask trave- eller l\u00f8betur i Vintersb\u00f8lleskoven og slut af i Bev\u00e6rterhuset. Her er der mulighed for at lave [&hellip;]<\/div><\/li>\n<\/ul><\/div>\n\n\n\n<div class=\"wp-block-column is-layout-flow wp-block-column-is-layout-flow\">\n<figure class=\"wp-block-image size-large\"><img loading=\"lazy\" decoding=\"async\" width=\"1024\" height=\"766\" src=\"https:\/\/www.bevaerterhuset.dk\/wp-content\/uploads\/2012\/06\/huset-1024x766.jpg\" alt=\"\" class=\"wp-image-142\" srcset=\"https:\/\/www.bevaerterhuset.dk\/wp-content\/uploads\/2012\/06\/huset-1024x766.jpg 1024w, https:\/\/www.bevaerterhuset.dk\/wp-content\/uploads\/2012\/06\/huset-300x224.jpg 300w\" sizes=\"auto, (max-width: 1024px) 100vw, 1024px\" \/><\/figure>\n\n\n\n<h2 class=\"wp-block-heading\">Om Bev\u00e6rterhuset<\/h2>\n\n\n\n<p>Bev\u00e6rterhuset i Vintersb\u00f8lle Skov blev opf\u00f8rt i 1851, da K\u00f8ng Fabrik flyttede til Blegen. Huset blev efter en gennemgribende restaurering indviet den 12. juni 2004 som naturcenter og kulturcenter. Huset er beliggende i Vinterb\u00f8lleskoven &#8211; der er ikke adgang med bil. Ved arrangementer i Bev\u00e6rterhuset kan s\u00e6rlig tilladelse gives af formanden for Lokalhistorisk Forening for Vintersb\u00f8lle\/Nyr\u00e5d eller Vordingborg Kommunes natursekretariat.<\/p>\n\n\n\n<h4 class=\"wp-block-heading\"><strong>K\u00f8rsel i skoven<\/strong><\/h4>\n\n\n\n<p>Alle g\u00e5r til Bev\u00e6rterhuset. Der er p-plads ved Vintersb\u00f8lle Skovvej, Kulsbjerg Skole Bakkeb\u00f8llevej 6 samt ved Vintersb\u00f8lle Strand. Dog har arrangementernes &#8220;v\u00e6rter&#8221; i Bev\u00e6rterhuset lov til k\u00f8re til huset. Vi kan give k\u00f8retilladelse, hvis man ikke kan g\u00e5 derned ved vores arrangementer.<\/p>\n\n\n\n<p>Private foreninger og offentlige institutioner, hvis virksomhed er forenelig med Bev\u00e6rterhusets form\u00e5l, kan optages i en \u201dn\u00f8gle-brugergruppe\u201d omkring Bev\u00e6rterhuset. For 500 kr. pr. \u00e5r udleveres en n\u00f8gle, der giver ret til at benytte Bev\u00e6rterhuset med udstyr. \u00d8nsker I at blive n\u00f8glebrugere \u2026<\/p>\n\n\n\n<p class=\"has-text-align-right\"><a href=\"http:\/\/www.bevaerterhuset.dk\/?page_id=204\">L\u00e6s mere &#8230;<\/a><\/p>\n\n\n\n<p><em>Bev\u00e6rterhuset administreres af Lokalhistorisk Forening for Vintersb\u00f8lle\/Nyr\u00e5d<\/em><\/p>\n\n\n\n<figure class=\"wp-block-gallery has-nested-images columns-2 is-cropped wp-block-gallery-1 is-layout-flex wp-block-gallery-is-layout-flex\">\n<figure data-wp-context=\"{&quot;imageId&quot;:&quot;69ea0ac1cc5e8&quot;}\" data-wp-interactive=\"core\/image\" class=\"wp-block-image size-medium wp-lightbox-container\"><img loading=\"lazy\" decoding=\"async\" width=\"300\" height=\"199\" data-wp-class--hide=\"state.isContentHidden\" data-wp-class--show=\"state.isContentVisible\" data-wp-init=\"callbacks.setButtonStyles\" data-wp-on-async--click=\"actions.showLightbox\" data-wp-on-async--load=\"callbacks.setButtonStyles\" data-wp-on-async-window--resize=\"callbacks.setButtonStyles\" data-id=\"147\" src=\"https:\/\/www.bevaerterhuset.dk\/wp-content\/uploads\/2012\/06\/ValdemarsPlads-300x199.jpg\" alt=\"\" class=\"wp-image-147\" srcset=\"https:\/\/www.bevaerterhuset.dk\/wp-content\/uploads\/2012\/06\/ValdemarsPlads-300x199.jpg 300w, https:\/\/www.bevaerterhuset.dk\/wp-content\/uploads\/2012\/06\/ValdemarsPlads.jpg 800w\" sizes=\"auto, (max-width: 300px) 100vw, 300px\" \/><button\n\t\t\tclass=\"lightbox-trigger\"\n\t\t\ttype=\"button\"\n\t\t\taria-haspopup=\"dialog\"\n\t\t\taria-label=\"Forst\u00f8r\"\n\t\t\tdata-wp-init=\"callbacks.initTriggerButton\"\n\t\t\tdata-wp-on-async--click=\"actions.showLightbox\"\n\t\t\tdata-wp-style--right=\"state.imageButtonRight\"\n\t\t\tdata-wp-style--top=\"state.imageButtonTop\"\n\t\t>\n\t\t\t<svg xmlns=\"http:\/\/www.w3.org\/2000\/svg\" width=\"12\" height=\"12\" fill=\"none\" viewBox=\"0 0 12 12\">\n\t\t\t\t<path fill=\"#fff\" d=\"M2 0a2 2 0 0 0-2 2v2h1.5V2a.5.5 0 0 1 .5-.5h2V0H2Zm2 10.5H2a.5.5 0 0 1-.5-.5V8H0v2a2 2 0 0 0 2 2h2v-1.5ZM8 12v-1.5h2a.5.5 0 0 0 .5-.5V8H12v2a2 2 0 0 1-2 2H8Zm2-12a2 2 0 0 1 2 2v2h-1.5V2a.5.5 0 0 0-.5-.5H8V0h2Z\" \/>\n\t\t\t<\/svg>\n\t\t<\/button><\/figure>\n\n\n\n<figure data-wp-context=\"{&quot;imageId&quot;:&quot;69ea0ac1cc872&quot;}\" data-wp-interactive=\"core\/image\" class=\"wp-block-image size-medium wp-lightbox-container\"><img loading=\"lazy\" decoding=\"async\" width=\"300\" height=\"225\" data-wp-class--hide=\"state.isContentHidden\" data-wp-class--show=\"state.isContentVisible\" data-wp-init=\"callbacks.setButtonStyles\" data-wp-on-async--click=\"actions.showLightbox\" data-wp-on-async--load=\"callbacks.setButtonStyles\" data-wp-on-async-window--resize=\"callbacks.setButtonStyles\" data-id=\"146\" src=\"https:\/\/www.bevaerterhuset.dk\/wp-content\/uploads\/2012\/06\/TV2east-300x225.jpg\" alt=\"\" class=\"wp-image-146\" srcset=\"https:\/\/www.bevaerterhuset.dk\/wp-content\/uploads\/2012\/06\/TV2east-300x225.jpg 300w, https:\/\/www.bevaerterhuset.dk\/wp-content\/uploads\/2012\/06\/TV2east-1024x768.jpg 1024w\" sizes=\"auto, (max-width: 300px) 100vw, 300px\" \/><button\n\t\t\tclass=\"lightbox-trigger\"\n\t\t\ttype=\"button\"\n\t\t\taria-haspopup=\"dialog\"\n\t\t\taria-label=\"Forst\u00f8r\"\n\t\t\tdata-wp-init=\"callbacks.initTriggerButton\"\n\t\t\tdata-wp-on-async--click=\"actions.showLightbox\"\n\t\t\tdata-wp-style--right=\"state.imageButtonRight\"\n\t\t\tdata-wp-style--top=\"state.imageButtonTop\"\n\t\t>\n\t\t\t<svg xmlns=\"http:\/\/www.w3.org\/2000\/svg\" width=\"12\" height=\"12\" fill=\"none\" viewBox=\"0 0 12 12\">\n\t\t\t\t<path fill=\"#fff\" d=\"M2 0a2 2 0 0 0-2 2v2h1.5V2a.5.5 0 0 1 .5-.5h2V0H2Zm2 10.5H2a.5.5 0 0 1-.5-.5V8H0v2a2 2 0 0 0 2 2h2v-1.5ZM8 12v-1.5h2a.5.5 0 0 0 .5-.5V8H12v2a2 2 0 0 1-2 2H8Zm2-12a2 2 0 0 1 2 2v2h-1.5V2a.5.5 0 0 0-.5-.5H8V0h2Z\" \/>\n\t\t\t<\/svg>\n\t\t<\/button><\/figure>\n\n\n\n<figure data-wp-context=\"{&quot;imageId&quot;:&quot;69ea0ac1cca73&quot;}\" data-wp-interactive=\"core\/image\" class=\"wp-block-image size-medium wp-lightbox-container\"><img loading=\"lazy\" decoding=\"async\" width=\"300\" height=\"199\" data-wp-class--hide=\"state.isContentHidden\" data-wp-class--show=\"state.isContentVisible\" data-wp-init=\"callbacks.setButtonStyles\" data-wp-on-async--click=\"actions.showLightbox\" data-wp-on-async--load=\"callbacks.setButtonStyles\" data-wp-on-async-window--resize=\"callbacks.setButtonStyles\" data-id=\"158\" src=\"https:\/\/www.bevaerterhuset.dk\/wp-content\/uploads\/2012\/06\/bhuset-vinter-300x199.jpg\" alt=\"\" class=\"wp-image-158\" srcset=\"https:\/\/www.bevaerterhuset.dk\/wp-content\/uploads\/2012\/06\/bhuset-vinter-300x199.jpg 300w, https:\/\/www.bevaerterhuset.dk\/wp-content\/uploads\/2012\/06\/bhuset-vinter-1024x680.jpg 1024w\" sizes=\"auto, (max-width: 300px) 100vw, 300px\" \/><button\n\t\t\tclass=\"lightbox-trigger\"\n\t\t\ttype=\"button\"\n\t\t\taria-haspopup=\"dialog\"\n\t\t\taria-label=\"Forst\u00f8r\"\n\t\t\tdata-wp-init=\"callbacks.initTriggerButton\"\n\t\t\tdata-wp-on-async--click=\"actions.showLightbox\"\n\t\t\tdata-wp-style--right=\"state.imageButtonRight\"\n\t\t\tdata-wp-style--top=\"state.imageButtonTop\"\n\t\t>\n\t\t\t<svg xmlns=\"http:\/\/www.w3.org\/2000\/svg\" width=\"12\" height=\"12\" fill=\"none\" viewBox=\"0 0 12 12\">\n\t\t\t\t<path fill=\"#fff\" d=\"M2 0a2 2 0 0 0-2 2v2h1.5V2a.5.5 0 0 1 .5-.5h2V0H2Zm2 10.5H2a.5.5 0 0 1-.5-.5V8H0v2a2 2 0 0 0 2 2h2v-1.5ZM8 12v-1.5h2a.5.5 0 0 0 .5-.5V8H12v2a2 2 0 0 1-2 2H8Zm2-12a2 2 0 0 1 2 2v2h-1.5V2a.5.5 0 0 0-.5-.5H8V0h2Z\" \/>\n\t\t\t<\/svg>\n\t\t<\/button><\/figure>\n\n\n\n<figure data-wp-context=\"{&quot;imageId&quot;:&quot;69ea0ac1ccc61&quot;}\" data-wp-interactive=\"core\/image\" class=\"wp-block-image size-medium wp-lightbox-container\"><img loading=\"lazy\" decoding=\"async\" width=\"300\" height=\"200\" data-wp-class--hide=\"state.isContentHidden\" data-wp-class--show=\"state.isContentVisible\" data-wp-init=\"callbacks.setButtonStyles\" data-wp-on-async--click=\"actions.showLightbox\" data-wp-on-async--load=\"callbacks.setButtonStyles\" data-wp-on-async-window--resize=\"callbacks.setButtonStyles\" data-id=\"141\" src=\"https:\/\/www.bevaerterhuset.dk\/wp-content\/uploads\/2012\/06\/blegen2-300x200.jpg\" alt=\"\" class=\"wp-image-141\" srcset=\"https:\/\/www.bevaerterhuset.dk\/wp-content\/uploads\/2012\/06\/blegen2-300x200.jpg 300w, https:\/\/www.bevaerterhuset.dk\/wp-content\/uploads\/2012\/06\/blegen2-1024x682.jpg 1024w, https:\/\/www.bevaerterhuset.dk\/wp-content\/uploads\/2012\/06\/blegen2.jpg 1536w\" sizes=\"auto, (max-width: 300px) 100vw, 300px\" \/><button\n\t\t\tclass=\"lightbox-trigger\"\n\t\t\ttype=\"button\"\n\t\t\taria-haspopup=\"dialog\"\n\t\t\taria-label=\"Forst\u00f8r\"\n\t\t\tdata-wp-init=\"callbacks.initTriggerButton\"\n\t\t\tdata-wp-on-async--click=\"actions.showLightbox\"\n\t\t\tdata-wp-style--right=\"state.imageButtonRight\"\n\t\t\tdata-wp-style--top=\"state.imageButtonTop\"\n\t\t>\n\t\t\t<svg xmlns=\"http:\/\/www.w3.org\/2000\/svg\" width=\"12\" height=\"12\" fill=\"none\" viewBox=\"0 0 12 12\">\n\t\t\t\t<path fill=\"#fff\" d=\"M2 0a2 2 0 0 0-2 2v2h1.5V2a.5.5 0 0 1 .5-.5h2V0H2Zm2 10.5H2a.5.5 0 0 1-.5-.5V8H0v2a2 2 0 0 0 2 2h2v-1.5ZM8 12v-1.5h2a.5.5 0 0 0 .5-.5V8H12v2a2 2 0 0 1-2 2H8Zm2-12a2 2 0 0 1 2 2v2h-1.5V2a.5.5 0 0 0-.5-.5H8V0h2Z\" \/>\n\t\t\t<\/svg>\n\t\t<\/button><\/figure>\n<\/figure>\n<\/div>\n<\/div>\n","protected":false},"excerpt":{"rendered":"<p>Om Bev\u00e6rterhuset Bev\u00e6rterhuset i Vintersb\u00f8lle Skov blev opf\u00f8rt i 1851, da K\u00f8ng Fabrik flyttede til Blegen. Huset blev efter en gennemgribende restaurering indviet den 12. juni 2004 som naturcenter og kulturcenter. Huset er beliggende i [&hellip;]<\/p>\n","protected":false},"author":1,"featured_media":0,"parent":0,"menu_order":0,"comment_status":"closed","ping_status":"closed","template":"","meta":{"footnotes":""},"class_list":["post-1116","page","type-page","status-publish","hentry"],"_links":{"self":[{"href":"https:\/\/www.bevaerterhuset.dk\/index.php?rest_route=\/wp\/v2\/pages\/1116","targetHints":{"allow":["GET"]}}],"collection":[{"href":"https:\/\/www.bevaerterhuset.dk\/index.php?rest_route=\/wp\/v2\/pages"}],"about":[{"href":"https:\/\/www.bevaerterhuset.dk\/index.php?rest_route=\/wp\/v2\/types\/page"}],"author":[{"embeddable":true,"href":"https:\/\/www.bevaerterhuset.dk\/index.php?rest_route=\/wp\/v2\/users\/1"}],"replies":[{"embeddable":true,"href":"https:\/\/www.bevaerterhuset.dk\/index.php?rest_route=%2Fwp%2Fv2%2Fcomments&post=1116"}],"version-history":[{"count":9,"href":"https:\/\/www.bevaerterhuset.dk\/index.php?rest_route=\/wp\/v2\/pages\/1116\/revisions"}],"predecessor-version":[{"id":1130,"href":"https:\/\/www.bevaerterhuset.dk\/index.php?rest_route=\/wp\/v2\/pages\/1116\/revisions\/1130"}],"wp:attachment":[{"href":"https:\/\/www.bevaerterhuset.dk\/index.php?rest_route=%2Fwp%2Fv2%2Fmedia&parent=1116"}],"curies":[{"name":"wp","href":"https:\/\/api.w.org\/{rel}","templated":true}]}}